{"id":64,"date":"2024-06-11T17:24:39","date_gmt":"2024-06-11T17:24:39","guid":{"rendered":"https:\/\/mario.madersbacher.pages.hak-schwaz.at\/?page_id=64"},"modified":"2024-06-11T18:08:38","modified_gmt":"2024-06-11T18:08:38","slug":"hashing","status":"publish","type":"page","link":"https:\/\/mario.madersbacher.pages.hak-schwaz.at\/?page_id=64","title":{"rendered":"Hashing"},"content":{"rendered":"<p>Hashing ist ein Begriff in der Informatik. Er beschreibt das irreversible Ver\u00e4ndern eines Datensatzes in einen komplizierten Code, der nicht zu verstehen ist. Hash-Codes sind unabh\u00e4ngig von der Gr\u00f6\u00dfe des Datensatzes immer gleich lang und sehr komplex. Wenn man nur einen Buchstaben \u00e4ndert, entsteht ein komplett anderer Wert. Der Code wird durch mathematische Kryptografie abgeleitet.<\/p>\n<p>Hashing ist ein bedeutender Begriff in der Cyber-Security. Passw\u00f6rter und andere wichtige Zertifikate werden in einen Hash-Code umgewandelt und so gespeichert. Sobald das Passwort in einen Hash verwandelt wurde, ist es gesichert. Hash-Funktionen sind irreversibel, das hei\u00dft, sie k\u00f6nnen im Normalfall nicht r\u00fcckg\u00e4ngig gemacht werden und es gibt so gut wie keinen Wert doppelt.<\/p>\n<p>Es gibt verschiedene Hash-Funktionen. MD5 erzeugt einen 128-Bit-Hashwert, ist aber als unsicher bekannt. SHA-1 erzeugt einen 160-Bit-Hashwert und gilt ebenfalls als unsicher. SHA-256 aus der SHA-2-Familie erzeugt einen 256-Bit-Hashwert und gilt derzeit als sicher.<\/p>\n<p>Unsicher ist eine Hash-Funktion, wenn sie zu Kollisionen neigt. Eine Kollision bezeichnet den Zusammensto\u00df zweier Werte, die dann gleich sind. Das sollte niemals passieren, und deswegen zeichnet sich eine gute Hash-Funktion durch ihre Kollisionsresistenz aus. Je weniger Kollisionen, desto besser.<\/p>\n<p>Das Wichtigste an einer Hash-Funktion ist die &#8220;Einwegfunktion&#8221;. Das bedeutet, man kann aus dem neu generierten Hash unter keinen mathematischen Bedingungen den urspr\u00fcnglichen Wert wiederherstellen. Diese Einwegfunktion ist essenziell f\u00fcr die Sicherheit deiner Daten.<\/p>\n<p>Sobald man aus dem Hash den Ursprungswert berechnen kann, handelt es sich um eine Art &#8220;Verschl\u00fcsselung&#8221;, aber niemals um einen Hash.<\/p>\n<p>Jetzt fragt ihr euch bestimmt: Warum sollte mich das interessieren?<br \/>Es gibt eine ganz plausible Antwort.<\/p>\n<p>Wenn du im Internet surfst und auf Websites unterwegs bist, gibst du oft ein Passwort und eine E-Mail-Adresse an. Sollte ein Datenleck entstehen und ein Dritter, zum Beispiel ein &#8220;Hacker&#8221;, darauf zugreifen, sind deine Daten gef\u00e4hrdet. Er k\u00f6nnte die Kombination aus deinem Passwort und der E-Mail-Adresse auf anderen Websites verwenden, um in deine Benutzerkonten einzudringen, z.B. Google Mail, Gmail etc.<\/p>\n<p>Um dies zu verhindern, ist es am besten, die Passw\u00f6rter nicht im Klartext in deiner Datenbank zu speichern, sondern nur deren Hash. Beim Einloggen in der Website wird dann nicht dein Passwort \u00fcberpr\u00fcft, sondern nur der Hash.<\/p>\n<p>Da Hashes nicht zur\u00fcckgerechnet werden k\u00f6nnen, hat der Hacker nicht dein Passwort, sondern nur den Hash. Der einzige Weg, dein Passwort zu finden, ist, jedes zuf\u00e4llige Passwort zu hashen und dann den Hash des Passworts in der Datenbank abzugleichen.<\/p>\n<p>Aus diesem Grund ist es viel sicherer, ein langes, zuf\u00e4lliges Passwort zu w\u00e4hlen. Ein Hacker w\u00fcrde viel l\u00e4nger brauchen, um auf ein Passwort wie &#8220;dajaHNDiAJWHe(\/=QTR&amp;\/!&#8221;\u00a7GTR(ATZGDSA(\/WDH1461dQAGWDuzA&#8221; zu kommen, als auf &#8220;123Passwort&#8221;. Ich werde zum Hacken von Passw\u00f6rtern noch eine andere Seite schreiben.<\/p>\n<p>Eine andere Art des Hashing ist das sogenannte &#8220;Blockchain&#8221;. Das ist \u00fcbrigens der Grund, warum Kryptow\u00e4hrung &#8220;Krypto&#8221; im Namen hat.<\/p>\n<p>Der Inhalt der Blockchain ist nicht verschl\u00fcsselt, sondern es werden Hashes benutzt, um die einzelnen Bl\u00f6cke zu verketten.<\/p>\n<p>Jeder Block in der Blockchain enth\u00e4lt den Hash vom jeweils vorherigen Block. Wenn man also die Hashes manipulieren will, muss man alle Hashes der nachfolgenden Bl\u00f6cke ebenfalls manipulieren.<\/p>\n<style>\/*! elementor - v3.21.0 - 26-05-2024 *\/\n.elementor-widget-image{text-align:center}.elementor-widget-image a{display:inline-block}.elementor-widget-image a img[src$=\".svg\"]{width:48px}.elementor-widget-image img{vertical-align:middle;display:inline-block}<\/style>\n<p>\t\t\t\t\t\t\t\t\t\t<img loading=\"lazy\" decoding=\"async\" width=\"1024\" height=\"683\" src=\"https:\/\/mario.madersbacher.pages.hak-schwaz.at\/wp-content\/uploads\/2024\/06\/coding-1841550_1920-1024x683.jpg\" alt=\"\" srcset=\"https:\/\/mario.madersbacher.pages.hak-schwaz.at\/wp-content\/uploads\/2024\/06\/coding-1841550_1920-1024x683.jpg 1024w, https:\/\/mario.madersbacher.pages.hak-schwaz.at\/wp-content\/uploads\/2024\/06\/coding-1841550_1920-300x200.jpg 300w, https:\/\/mario.madersbacher.pages.hak-schwaz.at\/wp-content\/uploads\/2024\/06\/coding-1841550_1920-768x512.jpg 768w, https:\/\/mario.madersbacher.pages.hak-schwaz.at\/wp-content\/uploads\/2024\/06\/coding-1841550_1920-1536x1024.jpg 1536w, https:\/\/mario.madersbacher.pages.hak-schwaz.at\/wp-content\/uploads\/2024\/06\/coding-1841550_1920.jpg 1920w\" sizes=\"auto, (max-width: 1024px) 100vw, 1024px\" \/><\/p>\n","protected":false},"excerpt":{"rendered":"<p>Hashing ist ein Begriff in der Informatik. Er beschreibt das irreversible Ver\u00e4ndern eines Datensatzes in einen komplizierten Code, der nicht [&hellip;]<\/p>\n","protected":false},"author":1,"featured_media":0,"parent":0,"menu_order":0,"comment_status":"closed","ping_status":"closed","template":"","meta":{"site-sidebar-layout":"default","site-content-layout":"","ast-site-content-layout":"default","site-content-style":"default","site-sidebar-style":"default","ast-global-header-display":"","ast-banner-title-visibility":"","ast-main-header-display":"","ast-hfb-above-header-display":"","ast-hfb-below-header-display":"","ast-hfb-mobile-header-display":"","site-post-title":"","ast-breadcrumbs-content":"","ast-featured-img":"","footer-sml-layout":"","ast-disable-related-posts":"","theme-transparent-header-meta":"","adv-header-id-meta":"","stick-header-meta":"","header-above-stick-meta":"","header-main-stick-meta":"","header-below-stick-meta":"","astra-migrate-meta-layouts":"default","ast-page-background-enabled":"default","ast-page-background-meta":{"desktop":{"background-color":"var(--ast-global-color-5)","background-image":"","background-repeat":"repeat","background-position":"center center","background-size":"auto","background-attachment":"scroll","background-type":"","background-media":"","overlay-type":"","overlay-color":"","overlay-opacity":"","overlay-gradient":""},"tablet":{"background-color":"","background-image":"","background-repeat":"repeat","background-position":"center center","background-size":"auto","background-attachment":"scroll","background-type":"","background-media":"","overlay-type":"","overlay-color":"","overlay-opacity":"","overlay-gradient":""},"mobile":{"background-color":"","background-image":"","background-repeat":"repeat","background-position":"center center","background-size":"auto","background-attachment":"scroll","background-type":"","background-media":"","overlay-type":"","overlay-color":"","overlay-opacity":"","overlay-gradient":""}},"ast-content-background-meta":{"desktop":{"background-color":"var(--ast-global-color-4)","background-image":"","background-repeat":"repeat","background-position":"center center","background-size":"auto","background-attachment":"scroll","background-type":"","background-media":"","overlay-type":"","overlay-color":"","overlay-opacity":"","overlay-gradient":""},"tablet":{"background-color":"var(--ast-global-color-4)","background-image":"","background-repeat":"repeat","background-position":"center center","background-size":"auto","background-attachment":"scroll","background-type":"","background-media":"","overlay-type":"","overlay-color":"","overlay-opacity":"","overlay-gradient":""},"mobile":{"background-color":"var(--ast-global-color-4)","background-image":"","background-repeat":"repeat","background-position":"center center","background-size":"auto","background-attachment":"scroll","background-type":"","background-media":"","overlay-type":"","overlay-color":"","overlay-opacity":"","overlay-gradient":""}},"footnotes":""},"class_list":["post-64","page","type-page","status-publish","hentry"],"_links":{"self":[{"href":"https:\/\/mario.madersbacher.pages.hak-schwaz.at\/index.php?rest_route=\/wp\/v2\/pages\/64","targetHints":{"allow":["GET"]}}],"collection":[{"href":"https:\/\/mario.madersbacher.pages.hak-schwaz.at\/index.php?rest_route=\/wp\/v2\/pages"}],"about":[{"href":"https:\/\/mario.madersbacher.pages.hak-schwaz.at\/index.php?rest_route=\/wp\/v2\/types\/page"}],"author":[{"embeddable":true,"href":"https:\/\/mario.madersbacher.pages.hak-schwaz.at\/index.php?rest_route=\/wp\/v2\/users\/1"}],"replies":[{"embeddable":true,"href":"https:\/\/mario.madersbacher.pages.hak-schwaz.at\/index.php?rest_route=%2Fwp%2Fv2%2Fcomments&post=64"}],"version-history":[{"count":5,"href":"https:\/\/mario.madersbacher.pages.hak-schwaz.at\/index.php?rest_route=\/wp\/v2\/pages\/64\/revisions"}],"predecessor-version":[{"id":135,"href":"https:\/\/mario.madersbacher.pages.hak-schwaz.at\/index.php?rest_route=\/wp\/v2\/pages\/64\/revisions\/135"}],"wp:attachment":[{"href":"https:\/\/mario.madersbacher.pages.hak-schwaz.at\/index.php?rest_route=%2Fwp%2Fv2%2Fmedia&parent=64"}],"curies":[{"name":"wp","href":"https:\/\/api.w.org\/{rel}","templated":true}]}}