{"id":2,"date":"2016-05-10T03:48:21","date_gmt":"2016-05-10T03:48:21","guid":{"rendered":"http:\/\/mario.madersbacher.pages.hak-schwaz.at\/?page_id=2"},"modified":"2024-10-18T07:34:38","modified_gmt":"2024-10-18T07:34:38","slug":"sample-page","status":"publish","type":"page","link":"https:\/\/mario.madersbacher.pages.hak-schwaz.at\/","title":{"rendered":"Mein Weg"},"content":{"rendered":"\n<p>Auf dieser Seite m\u00f6chte ich Ihnen einen \u00dcberblick \u00fcber meine aktuelle schulische Laufbahn, meine Ziele und meine Hobbys bieten. Nach meinem Abschluss an der Handelsakademie (HAK) strebe ich eine vielversprechende Karriere an, die sich unter anderem mit K\u00fcnstlicher Intelligenz (KI) und Computertechnologie besch\u00e4ftigen wird.<\/p>\n\n\n<p>Computer sind meine gro\u00dfe Leidenschaft. Ich bin immer wieder fasziniert von den vielf\u00e4ltigen Aufgaben, die ein Computer \u00fcbernehmen kann. Die Tatsache, dass ein Computer in seine Einzelteile zerlegt werden kann, finde ich ebenso beeindruckend wie die Sicherheitsma\u00dfnahmen, die f\u00fcr den Schutz im Internet und am Computer notwendig sind, beispielsweise Firewalls, Verschl\u00fcsselungen und Hashing. Die Welt der Computer ist f\u00fcr mich so faszinierend, dass ich dar\u00fcber endlos schreiben k\u00f6nnte.<\/p>\n\n\n<p>W\u00e4hrend viele Kinder Computer haupts\u00e4chlich als Spielzeug betrachten, sehe ich ihn als m\u00e4chtiges Werkzeug. Mit einem Computer kann man neue Dinge erschaffen oder bestehende zerst\u00f6ren, Menschen helfen oder ihnen schaden. Es gibt unz\u00e4hlige positive Anwendungsm\u00f6glichkeiten f\u00fcr Computer, doch ich bin mir auch der dunklen Seiten bewusst. Ich habe umfangreiches Wissen \u00fcber verbotene Aktivit\u00e4ten, die moralisch nicht vertretbar sind.<\/p>\n\n\n<p>Es gibt noch so viel \u00fcber Computer zu lernen, und obwohl ich bereits einiges wei\u00df, bleibt der Computer ein komplexes und vielseitiges Werkzeug. Mein Ziel ist es, mein Wissen stetig zu erweitern und den Computer immer besser zu verstehen.<\/p>\n\n\n<p><\/p>\n\n\n<p><\/p>\n\n\n<p><\/p>\n\t\t\n\t\t\t\t\t\t\t\t\t\t\t\t\t\t<a href=\"https:\/\/mario.madersbacher.pages.hak-schwaz.at\/wp-content\/uploads\/2024\/06\/keyboard-70506_1280.jpg\" data-elementor-open-lightbox=\"yes\" data-elementor-lightbox-title=\"Keyboard\" data-e-action-hash=\"#elementor-action%3Aaction%3Dlightbox%26settings%3DeyJpZCI6NDEsInVybCI6Imh0dHBzOlwvXC9tYXJpby5tYWRlcnNiYWNoZXIucGFnZXMuaGFrLXNjaHdhei5hdFwvd3AtY29udGVudFwvdXBsb2Fkc1wvMjAyNFwvMDZcL2tleWJvYXJkLTcwNTA2XzEyODAuanBnIn0%3D\">\n\t\t\t\t\t\t\t<img decoding=\"async\" src=\"https:\/\/mario.madersbacher.pages.hak-schwaz.at\/wp-content\/uploads\/elementor\/thumbs\/keyboard-70506_1280-qpifv5nnd63nqcwpr4mi4ng0tq6dxtiailtfvm22jc.jpg\" title=\"Keyboard\" alt=\"Keyboard Picture\" loading=\"lazy\" \/>\t\t\t\t\t\t\t\t<\/a>","protected":false},"excerpt":{"rendered":"<p>Auf dieser Seite m\u00f6chte ich Ihnen einen \u00dcberblick \u00fcber meine aktuelle schulische Laufbahn, meine Ziele und meine Hobbys bieten. Nach [&hellip;]<\/p>\n","protected":false},"author":1,"featured_media":0,"parent":0,"menu_order":0,"comment_status":"closed","ping_status":"closed","template":"","meta":{"site-sidebar-layout":"default","site-content-layout":"","ast-site-content-layout":"default","site-content-style":"default","site-sidebar-style":"default","ast-global-header-display":"","ast-banner-title-visibility":"","ast-main-header-display":"","ast-hfb-above-header-display":"","ast-hfb-below-header-display":"","ast-hfb-mobile-header-display":"","site-post-title":"","ast-breadcrumbs-content":"","ast-featured-img":"","footer-sml-layout":"","ast-disable-related-posts":"","theme-transparent-header-meta":"","adv-header-id-meta":"","stick-header-meta":"","header-above-stick-meta":"","header-main-stick-meta":"","header-below-stick-meta":"","astra-migrate-meta-layouts":"default","ast-page-background-enabled":"default","ast-page-background-meta":{"desktop":{"background-color":"var(--ast-global-color-5)","background-image":"","background-repeat":"repeat","background-position":"center center","background-size":"auto","background-attachment":"scroll","background-type":"","background-media":"","overlay-type":"","overlay-color":"","overlay-opacity":"","overlay-gradient":""},"tablet":{"background-color":"","background-image":"","background-repeat":"repeat","background-position":"center center","background-size":"auto","background-attachment":"scroll","background-type":"","background-media":"","overlay-type":"","overlay-color":"","overlay-opacity":"","overlay-gradient":""},"mobile":{"background-color":"","background-image":"","background-repeat":"repeat","background-position":"center center","background-size":"auto","background-attachment":"scroll","background-type":"","background-media":"","overlay-type":"","overlay-color":"","overlay-opacity":"","overlay-gradient":""}},"ast-content-background-meta":{"desktop":{"background-color":"var(--ast-global-color-4)","background-image":"","background-repeat":"repeat","background-position":"center center","background-size":"auto","background-attachment":"scroll","background-type":"","background-media":"","overlay-type":"","overlay-color":"","overlay-opacity":"","overlay-gradient":""},"tablet":{"background-color":"var(--ast-global-color-4)","background-image":"","background-repeat":"repeat","background-position":"center center","background-size":"auto","background-attachment":"scroll","background-type":"","background-media":"","overlay-type":"","overlay-color":"","overlay-opacity":"","overlay-gradient":""},"mobile":{"background-color":"var(--ast-global-color-4)","background-image":"","background-repeat":"repeat","background-position":"center center","background-size":"auto","background-attachment":"scroll","background-type":"","background-media":"","overlay-type":"","overlay-color":"","overlay-opacity":"","overlay-gradient":""}},"footnotes":""},"class_list":["post-2","page","type-page","status-publish","hentry"],"_links":{"self":[{"href":"https:\/\/mario.madersbacher.pages.hak-schwaz.at\/index.php?rest_route=\/wp\/v2\/pages\/2","targetHints":{"allow":["GET"]}}],"collection":[{"href":"https:\/\/mario.madersbacher.pages.hak-schwaz.at\/index.php?rest_route=\/wp\/v2\/pages"}],"about":[{"href":"https:\/\/mario.madersbacher.pages.hak-schwaz.at\/index.php?rest_route=\/wp\/v2\/types\/page"}],"author":[{"embeddable":true,"href":"https:\/\/mario.madersbacher.pages.hak-schwaz.at\/index.php?rest_route=\/wp\/v2\/users\/1"}],"replies":[{"embeddable":true,"href":"https:\/\/mario.madersbacher.pages.hak-schwaz.at\/index.php?rest_route=%2Fwp%2Fv2%2Fcomments&post=2"}],"version-history":[{"count":20,"href":"https:\/\/mario.madersbacher.pages.hak-schwaz.at\/index.php?rest_route=\/wp\/v2\/pages\/2\/revisions"}],"predecessor-version":[{"id":145,"href":"https:\/\/mario.madersbacher.pages.hak-schwaz.at\/index.php?rest_route=\/wp\/v2\/pages\/2\/revisions\/145"}],"wp:attachment":[{"href":"https:\/\/mario.madersbacher.pages.hak-schwaz.at\/index.php?rest_route=%2Fwp%2Fv2%2Fmedia&parent=2"}],"curies":[{"name":"wp","href":"https:\/\/api.w.org\/{rel}","templated":true}]}}