{"id":16,"date":"2024-06-04T09:04:49","date_gmt":"2024-06-04T09:04:49","guid":{"rendered":"https:\/\/mario.madersbacher.pages.hak-schwaz.at\/?page_id=16"},"modified":"2024-10-18T07:32:45","modified_gmt":"2024-10-18T07:32:45","slug":"test","status":"publish","type":"page","link":"https:\/\/mario.madersbacher.pages.hak-schwaz.at\/?page_id=16","title":{"rendered":"\u00dcber mich"},"content":{"rendered":"<p><\/p>\n<ul>\n<li style=\"list-style-type: none;\">\n&nbsp;\nDerzeit besuche ich die Handelsakademie Schwaz und strebe die erfolgreiche Absolvierung der Matura an. Nach Abschluss meiner schulischen Ausbildung plane ich eine erfolgreiche berufliche Karriere. Ich bin zuversichtlich, dass ich meine erworbenen Kenntnisse in einem anspruchsvollen Beruf oder sogar in meiner eigenen Firma erfolgreich einsetzen kann.&nbsp;\n<\/li><li style=\"list-style-type: none;\">Meine Ausbildung an der Handelsakademie hat mir ein fundiertes Wissen in betriebswirtschaftlichen und technologischen Bereichen vermittelt. Diese solide Grundlage erm\u00f6glicht es mir, mich sowohl in traditionellen Gesch\u00e4ftsmodellen als auch in innovativen Technologien wie K\u00fcnstlicher Intelligenz und Informationstechnologie sicher zu bewegen.&nbsp;<\/li><li style=\"list-style-type: none;\">Mit einem besonderen Fokus auf die Anwendung von KI und Computern in der Wirtschaft, bin ich bestens darauf vorbereitet, die Herausforderungen der modernen Gesch\u00e4ftswelt zu meistern. Ich freue mich darauf, mein theoretisches Wissen in die Praxis umzusetzen und meinen Beitrag zur technologischen Weiterentwicklung und wirtschaftlichen Erfolg zu leisten. Ob als Teil eines dynamischen Teams oder als Gr\u00fcnder meines eigenen Unternehmens, ich bin entschlossen, meine beruflichen Ziele mit Leidenschaft und Engagement zu verfolgen.<\/li>\n<\/ul>\n<p><\/p>\n<p><!-- \/wp:post-content --><\/p>\n<p><!-- wp:image {\"id\":31,\"sizeSlug\":\"large\",\"linkDestination\":\"none\"} --><\/p>\n<figure><\/figure>\n<p><!-- \/wp:image --><\/p><h3>Hobbys:<\/h3>\t\t\n\t\t\t\t\t<ul>\n\t\t\t\t\t\t\t<li>\n\t\t\t\t\t\t\t<svg aria-hidden=\"true\" viewBox=\"0 0 640 512\" xmlns=\"http:\/\/www.w3.org\/2000\/svg\"><path d=\"M400 96a48 48 0 1 0-48-48 48 48 0 0 0 48 48zm-4 121a31.9 31.9 0 0 0 20 7h64a32 32 0 0 0 0-64h-52.78L356 103a31.94 31.94 0 0 0-40.81.68l-112 96a32 32 0 0 0 3.08 50.92L288 305.12V416a32 32 0 0 0 64 0V288a32 32 0 0 0-14.25-26.62l-41.36-27.57 58.25-49.92zm116 39a128 128 0 1 0 128 128 128 128 0 0 0-128-128zm0 192a64 64 0 1 1 64-64 64 64 0 0 1-64 64zM128 256a128 128 0 1 0 128 128 128 128 0 0 0-128-128zm0 192a64 64 0 1 1 64-64 64 64 0 0 1-64 64z\"><\/path><\/svg>\t\t\t\t\t\t\n\t\t\t\t\t\t\t\t\t\tFahrradfahren\n\t\t\t\t\t\t\t\t\t<\/li>\n\t\t\t\t\t\t\t\t<li>\n\t\t\t\t\t\t\t<svg aria-hidden=\"true\" viewBox=\"0 0 512 512\" xmlns=\"http:\/\/www.w3.org\/2000\/svg\"><path d=\"M352 96c0-53.02-42.98-96-96-96s-96 42.98-96 96 42.98 96 96 96 96-42.98 96-96zM233.59 241.1c-59.33-36.32-155.43-46.3-203.79-49.05C13.55 191.13 0 203.51 0 219.14v222.8c0 14.33 11.59 26.28 26.49 27.05 43.66 2.29 131.99 10.68 193.04 41.43 9.37 4.72 20.48-1.71 20.48-11.87V252.56c-.01-4.67-2.32-8.95-6.42-11.46zm248.61-49.05c-48.35 2.74-144.46 12.73-203.78 49.05-4.1 2.51-6.41 6.96-6.41 11.63v245.79c0 10.19 11.14 16.63 20.54 11.9 61.04-30.72 149.32-39.11 192.97-41.4 14.9-.78 26.49-12.73 26.49-27.06V219.14c-.01-15.63-13.56-28.01-29.81-27.09z\"><\/path><\/svg>\t\t\t\t\t\t\n\t\t\t\t\t\t\t\t\t\tLesen\n\t\t\t\t\t\t\t\t\t<\/li>\n\t\t\t\t\t\t\t\t<li>\n\t\t\t\t\t\t\t<svg aria-hidden=\"true\" viewBox=\"0 0 640 512\" xmlns=\"http:\/\/www.w3.org\/2000\/svg\"><path d=\"M320 144c-53.02 0-96 50.14-96 112 0 61.85 42.98 112 96 112 53 0 96-50.13 96-112 0-61.86-42.98-112-96-112zm40 168c0 4.42-3.58 8-8 8h-64c-4.42 0-8-3.58-8-8v-16c0-4.42 3.58-8 8-8h16v-55.44l-.47.31a7.992 7.992 0 0 1-11.09-2.22l-8.88-13.31a7.992 7.992 0 0 1 2.22-11.09l15.33-10.22a23.99 23.99 0 0 1 13.31-4.03H328c4.42 0 8 3.58 8 8v88h16c4.42 0 8 3.58 8 8v16zM608 64H32C14.33 64 0 78.33 0 96v320c0 17.67 14.33 32 32 32h576c17.67 0 32-14.33 32-32V96c0-17.67-14.33-32-32-32zm-16 272c-35.35 0-64 28.65-64 64H112c0-35.35-28.65-64-64-64V176c35.35 0 64-28.65 64-64h416c0 35.35 28.65 64 64 64v160z\"><\/path><\/svg>\t\t\t\t\t\t\n\t\t\t\t\t\t\t\t\t\tCasino \n\t\t\t\t\t\t\t\t\t<\/li>\n\t\t\t\t\t\t<\/ul>\n\t\t\t\t\t\t\t\t\t\t\t\t\t<img loading=\"lazy\" decoding=\"async\" width=\"1024\" height=\"683\" src=\"https:\/\/mario.madersbacher.pages.hak-schwaz.at\/wp-content\/uploads\/2024\/06\/workplace-4155023_1920-1-1024x683.jpg\" alt=\"\" srcset=\"https:\/\/mario.madersbacher.pages.hak-schwaz.at\/wp-content\/uploads\/2024\/06\/workplace-4155023_1920-1-1024x683.jpg 1024w, https:\/\/mario.madersbacher.pages.hak-schwaz.at\/wp-content\/uploads\/2024\/06\/workplace-4155023_1920-1-300x200.jpg 300w, https:\/\/mario.madersbacher.pages.hak-schwaz.at\/wp-content\/uploads\/2024\/06\/workplace-4155023_1920-1-768x512.jpg 768w, https:\/\/mario.madersbacher.pages.hak-schwaz.at\/wp-content\/uploads\/2024\/06\/workplace-4155023_1920-1-1536x1024.jpg 1536w, https:\/\/mario.madersbacher.pages.hak-schwaz.at\/wp-content\/uploads\/2024\/06\/workplace-4155023_1920-1.jpg 1920w\" sizes=\"auto, (max-width: 1024px) 100vw, 1024px\" \/>","protected":false},"excerpt":{"rendered":"<p>&nbsp; Derzeit besuche ich die Handelsakademie Schwaz und strebe die erfolgreiche Absolvierung der Matura an. Nach Abschluss meiner schulischen Ausbildung [&hellip;]<\/p>\n","protected":false},"author":1,"featured_media":0,"parent":0,"menu_order":0,"comment_status":"closed","ping_status":"closed","template":"","meta":{"site-sidebar-layout":"default","site-content-layout":"","ast-site-content-layout":"default","site-content-style":"default","site-sidebar-style":"default","ast-global-header-display":"","ast-banner-title-visibility":"","ast-main-header-display":"","ast-hfb-above-header-display":"","ast-hfb-below-header-display":"","ast-hfb-mobile-header-display":"","site-post-title":"","ast-breadcrumbs-content":"","ast-featured-img":"","footer-sml-layout":"","ast-disable-related-posts":"","theme-transparent-header-meta":"","adv-header-id-meta":"","stick-header-meta":"","header-above-stick-meta":"","header-main-stick-meta":"","header-below-stick-meta":"","astra-migrate-meta-layouts":"default","ast-page-background-enabled":"default","ast-page-background-meta":{"desktop":{"background-color":"var(--ast-global-color-5)","background-image":"","background-repeat":"repeat","background-position":"center center","background-size":"auto","background-attachment":"scroll","background-type":"","background-media":"","overlay-type":"","overlay-color":"","overlay-opacity":"","overlay-gradient":""},"tablet":{"background-color":"","background-image":"","background-repeat":"repeat","background-position":"center center","background-size":"auto","background-attachment":"scroll","background-type":"","background-media":"","overlay-type":"","overlay-color":"","overlay-opacity":"","overlay-gradient":""},"mobile":{"background-color":"","background-image":"","background-repeat":"repeat","background-position":"center center","background-size":"auto","background-attachment":"scroll","background-type":"","background-media":"","overlay-type":"","overlay-color":"","overlay-opacity":"","overlay-gradient":""}},"ast-content-background-meta":{"desktop":{"background-color":"var(--ast-global-color-4)","background-image":"","background-repeat":"repeat","background-position":"center center","background-size":"auto","background-attachment":"scroll","background-type":"","background-media":"","overlay-type":"","overlay-color":"","overlay-opacity":"","overlay-gradient":""},"tablet":{"background-color":"var(--ast-global-color-4)","background-image":"","background-repeat":"repeat","background-position":"center center","background-size":"auto","background-attachment":"scroll","background-type":"","background-media":"","overlay-type":"","overlay-color":"","overlay-opacity":"","overlay-gradient":""},"mobile":{"background-color":"var(--ast-global-color-4)","background-image":"","background-repeat":"repeat","background-position":"center center","background-size":"auto","background-attachment":"scroll","background-type":"","background-media":"","overlay-type":"","overlay-color":"","overlay-opacity":"","overlay-gradient":""}},"footnotes":""},"class_list":["post-16","page","type-page","status-publish","hentry"],"_links":{"self":[{"href":"https:\/\/mario.madersbacher.pages.hak-schwaz.at\/index.php?rest_route=\/wp\/v2\/pages\/16","targetHints":{"allow":["GET"]}}],"collection":[{"href":"https:\/\/mario.madersbacher.pages.hak-schwaz.at\/index.php?rest_route=\/wp\/v2\/pages"}],"about":[{"href":"https:\/\/mario.madersbacher.pages.hak-schwaz.at\/index.php?rest_route=\/wp\/v2\/types\/page"}],"author":[{"embeddable":true,"href":"https:\/\/mario.madersbacher.pages.hak-schwaz.at\/index.php?rest_route=\/wp\/v2\/users\/1"}],"replies":[{"embeddable":true,"href":"https:\/\/mario.madersbacher.pages.hak-schwaz.at\/index.php?rest_route=%2Fwp%2Fv2%2Fcomments&post=16"}],"version-history":[{"count":32,"href":"https:\/\/mario.madersbacher.pages.hak-schwaz.at\/index.php?rest_route=\/wp\/v2\/pages\/16\/revisions"}],"predecessor-version":[{"id":146,"href":"https:\/\/mario.madersbacher.pages.hak-schwaz.at\/index.php?rest_route=\/wp\/v2\/pages\/16\/revisions\/146"}],"wp:attachment":[{"href":"https:\/\/mario.madersbacher.pages.hak-schwaz.at\/index.php?rest_route=%2Fwp%2Fv2%2Fmedia&parent=16"}],"curies":[{"name":"wp","href":"https:\/\/api.w.org\/{rel}","templated":true}]}}